{"id":13,"date":"2024-07-12T19:44:34","date_gmt":"2024-07-12T19:44:34","guid":{"rendered":"https:\/\/www.ami-terra.de\/?page_id=13"},"modified":"2025-10-22T09:00:49","modified_gmt":"2025-10-22T09:00:49","slug":"leistungen","status":"publish","type":"page","link":"https:\/\/www.ami-terra.de\/en\/leistungen\/","title":{"rendered":"Leistungen"},"content":{"rendered":"\n<p>Sie finden bei mir fundiertes Umweltwissen, das \u00fcber Jahre spezialisiert wurde auf Bauprojekte f\u00fcr Infrastrukturvorhaben zur Bev\u00f6lkerungsversorgung.<\/p>\n\n\n\n<ul class=\"wp-block-list\">\n<li class=\"has-medium-font-size\"><strong>Beratung zu Artenschutz und Umweltvertr\u00e4glichkeit in allen g\u00e4ngigen rechtlichen Genehmigungsverfahren<\/strong><\/li>\n\n\n\n<li>Konfliktanalysen und Einbringen \u00f6kologischer Konzepte und Ideen auf strategischer Management Ebene &#8211;> Nachhaltigkeitsberatung des Project Management Office (PMO)<\/li>\n\n\n\n<li>Umweltgutachten u.a.:\n<ul class=\"wp-block-list\">\n<li>Biotoptypenkartierung<\/li>\n\n\n\n<li>spezielle Artenschutzrechtliche Pr\u00fcfungen (saP) <\/li>\n\n\n\n<li>Generelle Zuarbeit und Beratung zum Landschaftspflegerischen Begleitplan (LBP),  zur Umweltvertr\u00e4glichkeitspr\u00fcfung (UVP, auch UVP Vorpr\u00fcfungen), zur Strategische Umweltpr\u00fcfung (SUP) und anderer planerischer Verfahren<\/li>\n\n\n\n<li>artenschutzrechtliche Fachbeitr\u00e4ge (Schwerpunkt Botanik und Avifauna)<\/li>\n<\/ul>\n<\/li>\n\n\n\n<li>Umweltbaubegleitung (\u00dcberwachung der Umweltauflagen in der Bauausf\u00fchrung)<\/li>\n\n\n\n<li>Qualit\u00e4tssicherung, Begleitung und helfende Zuarbeiten bei der Erstellung von Antr\u00e4gen sowie Planungsunterlagen etwa bei Eingriffen in Natur- und Landschaft (\u00a714BNatSchG, mit bspw. \u00a7\u00a7 44 ff BNatSchG Betroffenheit)<\/li>\n\n\n\n<li>Planungskonzepte &#8211; zur Steigerung von Erosionsschutz, Verbesserung der Lebensqualit\u00e4t, Erh\u00f6hung der Biodiversit\u00e4t und damit Resilienz vor Ort<\/li>\n<\/ul>\n\n\n\n<p>\u00dcber das Leistungsspektrum der Beratung zu Bauprojekten hinaus kann ich Ihnen helfen bei Formularen, die es f\u00fcr die Haltung und den Vertrieb von Tieren und G\u00fctern braucht, die nach Washingtoner Artenschutz\u00fcbereinkommen internationalen Schutz genie\u00dfen: <\/p>\n\n\n\n<ul class=\"wp-block-list\">\n<li>Beratung und Begleitung bei CITES Bescheiden (Artenschutz &#8211; Beh\u00f6rdenkommunikation)<\/li>\n<\/ul>\n\n\n\n<p><strong>weiterf\u00fchrendes Leistungsspektrum:<\/strong><\/p>\n\n\n\n<ul class=\"wp-block-list\">\n<li><strong>Coaching Angebot<\/strong>\n<ul class=\"wp-block-list\">\n<li>Ich helfe Ihnen  bei der Planung und Durchf\u00fchrung eines Teamevents und bringe dabei meine Erfahrungen aus der (Umwelt)P\u00e4dagogik mit ein.<\/li>\n\n\n\n<li><\/li>\n<\/ul>\n<\/li>\n\n\n\n<li>REFERENZEN<br> Hier geht es zum Bericht einer mittelfr\u00e4nkischen Schulklasse mit der ich die Unterrichteinheit zum Wald mit einem Erlebnistag begreifbar machte:<br><a href=\"https:\/\/grundschule1-zirndorf.de\/unterrichtsgang-in-den-wald-klasse-3a\">https:\/\/grundschule1-zirndorf.de\/unterrichtsgang-in-den-wald-klasse-3a<\/a><\/li>\n<\/ul>\n\n\n\n<p><\/p>\n","protected":false},"excerpt":{"rendered":"<div class=\"entry-summary\">\nSie finden bei mir fundiertes Umweltwissen, das \u00fcber Jahre spezialisiert wurde auf Bauprojekte f\u00fcr Infrastrukturvorhaben zur Bev\u00f6lkerungsversorgung. \u00dcber das Leistungsspektrum der Beratung zu Bauprojekten hinaus kann ich Ihnen helfen bei Formularen, die es f\u00fcr die Haltung und den Vertrieb von&hellip;\n<\/div>\n<div class=\"link-more\"><a href=\"https:\/\/www.ami-terra.de\/en\/leistungen\/\" class=\"more-link\">Continue reading<span class=\"screen-reader-text\"> &ldquo;Leistungen&rdquo;<\/span>&hellip;<\/a><\/div>\n","protected":false},"author":1,"featured_media":0,"parent":0,"menu_order":0,"comment_status":"closed","ping_status":"closed","template":"","meta":{"footnotes":""},"class_list":["post-13","page","type-page","status-publish","hentry","entry"],"_links":{"self":[{"href":"https:\/\/www.ami-terra.de\/en\/wp-json\/wp\/v2\/pages\/13","targetHints":{"allow":["GET"]}}],"collection":[{"href":"https:\/\/www.ami-terra.de\/en\/wp-json\/wp\/v2\/pages"}],"about":[{"href":"https:\/\/www.ami-terra.de\/en\/wp-json\/wp\/v2\/types\/page"}],"author":[{"embeddable":true,"href":"https:\/\/www.ami-terra.de\/en\/wp-json\/wp\/v2\/users\/1"}],"replies":[{"embeddable":true,"href":"https:\/\/www.ami-terra.de\/en\/wp-json\/wp\/v2\/comments?post=13"}],"version-history":[{"count":9,"href":"https:\/\/www.ami-terra.de\/en\/wp-json\/wp\/v2\/pages\/13\/revisions"}],"predecessor-version":[{"id":189,"href":"https:\/\/www.ami-terra.de\/en\/wp-json\/wp\/v2\/pages\/13\/revisions\/189"}],"wp:attachment":[{"href":"https:\/\/www.ami-terra.de\/en\/wp-json\/wp\/v2\/media?parent=13"}],"curies":[{"name":"wp","href":"https:\/\/api.w.org\/{rel}","templated":true}]}}