{"id":133,"date":"2025-09-19T14:11:13","date_gmt":"2025-09-19T14:11:13","guid":{"rendered":"https:\/\/www.ami-terra.de\/en\/?page_id=133"},"modified":"2025-10-09T07:02:43","modified_gmt":"2025-10-09T07:02:43","slug":"referenzen","status":"publish","type":"page","link":"https:\/\/www.ami-terra.de\/en\/referenzen\/","title":{"rendered":"Referenzen"},"content":{"rendered":"\n<p><strong>Sie fragen sich: hat Maria Dittmann und damit das Beratungsb\u00fcro ami-terra die n\u00f6tige Erfahrung um eloquent in ihrer Beratung zu sein?<br><\/strong><br><\/p>\n\n\n\n<p>&#8211; Ja hat sie.<\/p>\n\n\n\n<p>Ich blicke nicht nur auf einschl\u00e4gige Berufserfahrungen in der freien Wirtschaft zur\u00fcck, sondern arbeitete auch mehrere Jahre im Dienst einer \u00f6ffentlichen Beh\u00f6rde. Eingebettet ist das ganze in ein solides interdisziplin\u00e4res Universit\u00e4tsstudium mit rechtswissenschaftlichem Zusatzstudium (mit Schwerpunkt: \u00d6ffentliches Recht und Verwaltungsrecht), das ich w\u00e4hrend meines Masterstudiums an der Universit\u00e4t in Bayreuth absolvierte. Dazu kommen meine pers\u00f6nliche Talente, die es mir erm\u00f6glichen hervorragende Beratungsdienste leisten zu k\u00f6nnen.<\/p>\n\n\n\n<p><strong>Welche Erfahrungen hat Maria Dittmann aus Beh\u00f6rdenseite, die sie in der Beratung mit ami-terra f\u00fcr ihre Kundinnen und Kunden einbringen kann?<\/strong><\/p>\n\n\n\n<p>Ich war als Fachkraft f\u00fcr Naturschutz und Landschaftspflege f\u00fcr den ausf\u00fchrender Naturschutz gem\u00e4\u00df Gesetzesvorgaben (kommunal bis<\/p>\n\n\n\n<p>international) in der kreisfreien Stadt Bayreuth mit zust\u00e4ndig (2019 &#8211; 2022). Die Arbeit dieser zentralen Exekutivbeh\u00f6rde des Naturschutzes in Bayern beinhaltete unter anderem Stellungnahmen und Begleitung von Bauvorhaben von privaten, gewerblichen und \u00f6ffentlichen Bautr\u00e4gern wie bspw. der<\/p>\n\n\n\n<p>DB Netz AG. Ich war dar\u00fcber hinaus in diesem Amt mit der \u00dcberwachung der St\u00e4dtchen Baumschutzverordnung mit zwei Mal j\u00e4hrlicher gutachterliche Pr\u00fcfung der Naturdenkm\u00e4ler betraucht, sowie \u00d6ffentlichkeitsarbeit, Artenschutz, Schutzgebiete, Pr\u00fcfung und \u00dcberwachung des st\u00e4dtischen<\/p>\n\n\n\n<p>\u00d6kokontos, Gremienarbeit, fachkundige Stellungnahmen und Teilnahme an Gerichtsverfahren, Supervision der Naturschutzwacht und viele weitere Antragspr\u00fcfungen und Zuarbeiten zu Genehmigung und Verfahren im Zust\u00e4ndigkeitsbereich eines Umweltamtes, sind mir gel\u00e4ufig.<\/p>\n\n\n\n<p><strong>F\u00fcr welche Projekte hat Maria Dittmann gearbeitet?<\/strong><\/p>\n\n\n\n<p>Ich habe bei einigen Gro\u00dfprojekten und weiteren kleineren Projekten im Rahmen der Energiewende mitgewirkt, die f\u00fcr die gro\u00dfen \u00dcbertragungsnetzbetreiber in Deutschland geplant und gebaut werden sollen. Diese waren vor allem:<br><\/p>\n\n\n\n<p>Korridor A-Nord (Amprion), Umspannwerk Pulverdingen Leitungseinf\u00fchrung S\u00fcd (TransnetBW), 380-kV-Netzverst\u00e4rkung Daxlanden-Eichstetten (TransnetBW) und SuedLink (TransnetBW und TenneT)<\/p>\n\n\n\n<p><strong>F\u00fcr<\/strong><strong> welchen Unternehmen hat Maria Dittmann gearbeitet?<\/strong><br><br>Ich war f\u00fcr folgende Unternehmen in der Vergangenheit t\u00e4tig: enpros Genehmigungsmanagement GmbH, Grosser-Seeger &#038; Partner mbB, Jacobs GmbH (Tochter der Jacobs Solutions Inc.), Planungsgruppe Landschaft GdbR.<\/p>\n\n\n\n<p><strong>Woher leitet sich die Artenkenntnis und die Umweltgutachterlichen F\u00e4higkeiten von Maria Dittmann her?<\/strong><\/p>\n\n\n\n<p>Ich interessiere mich schon seit Kindesbeinen sehr f\u00fcr Tiere und vor allem Pflanze. Diese Leidenschaft wurde erst nur von den Eltern gef\u00f6rdert und sp\u00e4ter dann in Schule und vor allem im Studium und Praktika vertieft. Gro\u00dfe Fortschritte bez\u00fcglich meiner Artenkenntnis habe ich durch meine Masterarbeit erlagt, in der ich sehr umfangreiche floristische Kartierungen vornahm. Die Zeit bei dem Umweltgutachterb\u00fcro Bf\u00d6S unter der Leitung von Christian Str\u00e4tz hat mir neben den Studieninhalte eine faunistische Vertiefung (vor allem f\u00fcr die Gruppe der Flederm\u00e4use) meiner Kenntnisse erm\u00f6glicht.<\/p>\n\n\n\n<p><strong>Ist Artenkenntnis und das Wissen um die Namen von Pflanzen und Tiere f\u00fcr die Arbeit eines Beratungsb\u00fcros wie ami-terra wichtig?<\/strong><\/p>\n\n\n\n<p>Das Verst\u00e4ndnis f\u00fcr die Umwelt ist meiner Meinung nach die Grundlage f\u00fcr jedes effektvolle Handeln in dieser Welt. Ich glaube, dass das Wissen um die \u00d6kologie, also auch um ihre tierischen und pflanzlichen Akteur:innen oft untersch\u00e4tzt wird. Das Wissen um die Pflanzen und Tiere an einem Ort gibt viele R\u00fcckschl\u00fcsse \u00fcber die gesamte Umweltausstattung: die Geschichte, die Gegenwart und das Entwicklungspotential. Als Beispiel ist hierf\u00fcr die Wasserg\u00fctebestimmung anhand der im Gew\u00e4sser lebenden Kleinlebewesen zu nennen: Das Vorhandensein einer Eintagsfliegenlarve oder einer Muschel sagt viel aus und ist ein st\u00e4rkerer Indikator f\u00fcr die Qualit\u00e4t eines Gew\u00e4ssers als etwa eine einmalige pH-Wert Messung am gleichen Ort.<\/p>\n\n\n\n<p><strong>E<\/strong><strong>ngagiert sich Maria Dittmann ehrenamtlich?<\/strong><br><br>Ich arbeite schon mein Leben lang ehrenamtlich in verschiedenen Gruppen mit. Seit Dezember 2024 bin ich Mitglied des Kirchenvorstands der Martin Luther Kirche in Stein bei N\u00fcrnberg.<br>Bei der Naturhistorischen Gesellschaft N\u00fcrnberg e.V. bin ich Mitglied im Arbeitskreis Botanik. Im Verein EineWelt Solidarit\u00e4t Stein e.V. bin ich Gr\u00fcndungsmitglied.<\/p>\n","protected":false},"excerpt":{"rendered":"<div class=\"entry-summary\">\nSie fragen sich: hat Maria Dittmann und damit das Beratungsb\u00fcro ami-terra die n\u00f6tige Erfahrung um eloquent in ihrer Beratung zu sein? &#8211; Ja hat sie. Ich blicke nicht nur auf einschl\u00e4gige Berufserfahrungen in der freien Wirtschaft zur\u00fcck, sondern arbeitete auch&hellip;\n<\/div>\n<div class=\"link-more\"><a href=\"https:\/\/www.ami-terra.de\/en\/referenzen\/\" class=\"more-link\">Continue reading<span class=\"screen-reader-text\"> &ldquo;Referenzen&rdquo;<\/span>&hellip;<\/a><\/div>\n","protected":false},"author":2,"featured_media":0,"parent":0,"menu_order":0,"comment_status":"closed","ping_status":"closed","template":"","meta":{"footnotes":""},"class_list":["post-133","page","type-page","status-publish","hentry","entry"],"_links":{"self":[{"href":"https:\/\/www.ami-terra.de\/en\/wp-json\/wp\/v2\/pages\/133","targetHints":{"allow":["GET"]}}],"collection":[{"href":"https:\/\/www.ami-terra.de\/en\/wp-json\/wp\/v2\/pages"}],"about":[{"href":"https:\/\/www.ami-terra.de\/en\/wp-json\/wp\/v2\/types\/page"}],"author":[{"embeddable":true,"href":"https:\/\/www.ami-terra.de\/en\/wp-json\/wp\/v2\/users\/2"}],"replies":[{"embeddable":true,"href":"https:\/\/www.ami-terra.de\/en\/wp-json\/wp\/v2\/comments?post=133"}],"version-history":[{"count":8,"href":"https:\/\/www.ami-terra.de\/en\/wp-json\/wp\/v2\/pages\/133\/revisions"}],"predecessor-version":[{"id":151,"href":"https:\/\/www.ami-terra.de\/en\/wp-json\/wp\/v2\/pages\/133\/revisions\/151"}],"wp:attachment":[{"href":"https:\/\/www.ami-terra.de\/en\/wp-json\/wp\/v2\/media?parent=133"}],"curies":[{"name":"wp","href":"https:\/\/api.w.org\/{rel}","templated":true}]}}