{"id":15,"date":"2024-07-12T19:45:48","date_gmt":"2024-07-12T19:45:48","guid":{"rendered":"https:\/\/www.ami-terra.de\/?page_id=15"},"modified":"2025-10-18T16:58:18","modified_gmt":"2025-10-18T16:58:18","slug":"vita","status":"publish","type":"page","link":"https:\/\/www.ami-terra.de\/en\/vita\/","title":{"rendered":"Vita"},"content":{"rendered":"\n<p>Maria Elise Dittmann &#8211; M.Sc. Geo\u00f6kologie &#8211; Zusatzstudium Umweltrecht (Universit\u00e4t Karlsruhe KIT und Universit\u00e4t Bayreuth)<\/p>\n\n\n\n<p>Jahrgang 1990 in \u00d6sterreich<br>Nationalit\u00e4t: deutsch &#8211; schweizerisch<\/p>\n\n\n\n<p>verheiratet<br><\/p>\n\n\n\n<figure class=\"wp-block-image size-large is-resized\"><img loading=\"lazy\" decoding=\"async\" width=\"1928\" height=\"1928\" src=\"https:\/\/www.ami-terra.de\/wp-content\/uploads\/2025\/10\/Maria_Dresden_Herbst2025-edited.jpg\" alt=\"\" class=\"wp-image-157\" style=\"width:276px;height:auto\" srcset=\"https:\/\/www.ami-terra.de\/wp-content\/uploads\/2025\/10\/Maria_Dresden_Herbst2025-edited.jpg 1928w, https:\/\/www.ami-terra.de\/wp-content\/uploads\/2025\/10\/Maria_Dresden_Herbst2025-edited-300x300.jpg 300w, https:\/\/www.ami-terra.de\/wp-content\/uploads\/2025\/10\/Maria_Dresden_Herbst2025-edited-1024x1024.jpg 1024w, https:\/\/www.ami-terra.de\/wp-content\/uploads\/2025\/10\/Maria_Dresden_Herbst2025-edited-150x150.jpg 150w, https:\/\/www.ami-terra.de\/wp-content\/uploads\/2025\/10\/Maria_Dresden_Herbst2025-edited-768x768.jpg 768w, https:\/\/www.ami-terra.de\/wp-content\/uploads\/2025\/10\/Maria_Dresden_Herbst2025-edited-1536x1536.jpg 1536w\" sizes=\"auto, (max-width: 1928px) 100vw, 1928px\" \/><\/figure>\n\n\n\n<p><\/p>\n","protected":false},"excerpt":{"rendered":"<div class=\"entry-summary\">\nMaria Elise Dittmann &#8211; M.Sc. Geo\u00f6kologie &#8211; Zusatzstudium Umweltrecht (Universit\u00e4t Karlsruhe KIT und Universit\u00e4t Bayreuth) Jahrgang 1990 in \u00d6sterreichNationalit\u00e4t: deutsch &#8211; schweizerisch verheiratet\n<\/div>\n<div class=\"link-more\"><a href=\"https:\/\/www.ami-terra.de\/en\/vita\/\" class=\"more-link\">Continue reading<span class=\"screen-reader-text\"> &ldquo;Vita&rdquo;<\/span>&hellip;<\/a><\/div>\n","protected":false},"author":1,"featured_media":0,"parent":0,"menu_order":0,"comment_status":"closed","ping_status":"closed","template":"","meta":{"footnotes":""},"class_list":["post-15","page","type-page","status-publish","hentry","entry"],"_links":{"self":[{"href":"https:\/\/www.ami-terra.de\/en\/wp-json\/wp\/v2\/pages\/15","targetHints":{"allow":["GET"]}}],"collection":[{"href":"https:\/\/www.ami-terra.de\/en\/wp-json\/wp\/v2\/pages"}],"about":[{"href":"https:\/\/www.ami-terra.de\/en\/wp-json\/wp\/v2\/types\/page"}],"author":[{"embeddable":true,"href":"https:\/\/www.ami-terra.de\/en\/wp-json\/wp\/v2\/users\/1"}],"replies":[{"embeddable":true,"href":"https:\/\/www.ami-terra.de\/en\/wp-json\/wp\/v2\/comments?post=15"}],"version-history":[{"count":4,"href":"https:\/\/www.ami-terra.de\/en\/wp-json\/wp\/v2\/pages\/15\/revisions"}],"predecessor-version":[{"id":160,"href":"https:\/\/www.ami-terra.de\/en\/wp-json\/wp\/v2\/pages\/15\/revisions\/160"}],"wp:attachment":[{"href":"https:\/\/www.ami-terra.de\/en\/wp-json\/wp\/v2\/media?parent=15"}],"curies":[{"name":"wp","href":"https:\/\/api.w.org\/{rel}","templated":true}]}}