{"id":18,"date":"2024-07-12T19:46:22","date_gmt":"2024-07-12T19:46:22","guid":{"rendered":"https:\/\/www.ami-terra.de\/?page_id=18"},"modified":"2025-10-31T11:00:09","modified_gmt":"2025-10-31T11:00:09","slug":"kontakt","status":"publish","type":"page","link":"https:\/\/www.ami-terra.de\/en\/kontakt\/","title":{"rendered":"Kontakt"},"content":{"rendered":"\n<p>Sie erreichen mich ganz unkompliziert folgenderma\u00dfen:<\/p>\n\n\n\n<p><mark style=\"background-color:#70b2b2\" class=\"has-inline-color has-color-accent-text-mod-color\">E-Mail:<\/mark><br><a href=\"mailto:maria.dittmann@ami-terra.de\">maria.dittmann@ami-terra.de<\/a><\/p>\n\n\n\n<p><mark style=\"background-color:#70b2b2\" class=\"has-inline-color has-color-accent-text-mod-color\">Telefon:<\/mark><\/p>\n\n\n\n<p> +49 (0) 151 201 55 33-6.<\/p>\n\n\n\n<p>Auch pers\u00f6nliche Treffen, um mir Ihre Situation zu schildern, sind mir nach vorheriger Absprache willkommen.<\/p>\n\n\n\n<p>Sie sind herzlich eingeladen, mich jederzeit anzuschreiben. Z\u00f6gern sie nicht nach Hilfe und Rat zu suchen und mir als unabh\u00e4ngige Beraterin Ihre Situation zu schildern. Ein Erstkontakt bringt Sie weiter und l\u00f6st noch keinerlei Verpflichtungen aus.<\/p>\n\n\n\n<p><\/p>\n\n\n\n<p><\/p>\n\n\n\n<p><\/p>\n","protected":false},"excerpt":{"rendered":"<div class=\"entry-summary\">\nSie erreichen mich ganz unkompliziert folgenderma\u00dfen: E-Mail:maria.dittmann@ami-terra.de Telefon: +49 (0) 151 201 55 33-6. Auch pers\u00f6nliche Treffen, um mir Ihre Situation zu schildern, sind mir nach vorheriger Absprache willkommen. Sie sind herzlich eingeladen, mich jederzeit anzuschreiben. Z\u00f6gern sie nicht nach&hellip;\n<\/div>\n<div class=\"link-more\"><a href=\"https:\/\/www.ami-terra.de\/en\/kontakt\/\" class=\"more-link\">Continue reading<span class=\"screen-reader-text\"> &ldquo;Kontakt&rdquo;<\/span>&hellip;<\/a><\/div>\n","protected":false},"author":1,"featured_media":0,"parent":0,"menu_order":0,"comment_status":"closed","ping_status":"closed","template":"","meta":{"footnotes":""},"class_list":["post-18","page","type-page","status-publish","hentry","entry"],"_links":{"self":[{"href":"https:\/\/www.ami-terra.de\/en\/wp-json\/wp\/v2\/pages\/18","targetHints":{"allow":["GET"]}}],"collection":[{"href":"https:\/\/www.ami-terra.de\/en\/wp-json\/wp\/v2\/pages"}],"about":[{"href":"https:\/\/www.ami-terra.de\/en\/wp-json\/wp\/v2\/types\/page"}],"author":[{"embeddable":true,"href":"https:\/\/www.ami-terra.de\/en\/wp-json\/wp\/v2\/users\/1"}],"replies":[{"embeddable":true,"href":"https:\/\/www.ami-terra.de\/en\/wp-json\/wp\/v2\/comments?post=18"}],"version-history":[{"count":10,"href":"https:\/\/www.ami-terra.de\/en\/wp-json\/wp\/v2\/pages\/18\/revisions"}],"predecessor-version":[{"id":235,"href":"https:\/\/www.ami-terra.de\/en\/wp-json\/wp\/v2\/pages\/18\/revisions\/235"}],"wp:attachment":[{"href":"https:\/\/www.ami-terra.de\/en\/wp-json\/wp\/v2\/media?parent=18"}],"curies":[{"name":"wp","href":"https:\/\/api.w.org\/{rel}","templated":true}]}}