{"id":220,"date":"2025-10-31T10:12:52","date_gmt":"2025-10-31T10:12:52","guid":{"rendered":"https:\/\/www.ami-terra.de\/?page_id=220"},"modified":"2025-10-31T10:52:20","modified_gmt":"2025-10-31T10:52:20","slug":"angebot","status":"publish","type":"page","link":"https:\/\/www.ami-terra.de\/en\/angebot\/","title":{"rendered":"Angebot"},"content":{"rendered":"\n<p>Sie bauen und stehen vor den Herausforderungen, die die Genehmigungsbeh\u00f6rde an sie stellt? Ich helfe Ihnen bei allen H\u00fcrden im Rahmen der <strong>Genehmigung und Ausf\u00fchrung<\/strong> als Spezialistin f\u00fcr Umweltrecht, Umweltplanung, Artenschutz und \u00d6kologie:<br><\/p>\n\n\n\n<ul class=\"wp-block-list\">\n<li>Ich sch\u00e4tze f\u00fcr Sie den naturschutzfachlichen Wert Ihres Grundst\u00fcckes ein, auf dem ihr Bauprojekt realisiert werden soll. (Von Vorab-Analysen und Worst-Case Szenarien auf Grund von Fernerkundung (reine Datenanalysen) bis hin zu fundierten Vor-Ort Kartierungen)<\/li>\n\n\n\n<li>Ich zeige Ihnen, wie Sie Ihre Baustelle genehmigungskonform einrichten, ohne dabei in Konflikt zu kommen mit Naturschutzrecht, wie beispielsweise den Brutzeitenschutz von V\u00f6geln oder den Zeiten in denen ein R\u00fcckschnitt von Geh\u00f6lzen nur eingeschr\u00e4nkt erlaubt ist. ( \u00a7 39 Abs. 5 Nr. 2 BNatSchG) (Pr\u00fcfung und helfende Mitarbeit bei Aufstellung der Planungsunterlagen wie Auflagen gem\u00e4\u00df Kompensationsverordnungen, Bauvorbereitende Ma\u00dfnahmen, Aufstellen von Schutzkonzepten, CEF- Ma\u00dfnahmen (\u00a7 44 Abs. 5 BNatSchG), Vermeidungsma\u00dfnahmen, Ausgleichsma\u00dfnahmen)<\/li>\n\n\n\n<li>Ich helfe, koordiniere oder f\u00fchre selbst f\u00fcr Sie eine Umweltbaubegleitung durch, damit in der Ausf\u00fchrungsphase ihres Bauprojekts das Einhalten der Umweltauflagen gew\u00e4hrleistet ist.<\/li>\n\n\n\n<li>Ich helfe Ihnen, damit m\u00f6glicherweise vorhandene Tiere oder Pflanzen zu keinem Zeitpunkt zu einem \u00fcberraschenden Projektrisiko werden und Sie nicht in die Gefahr kommen, eine Straftat zu begehen aufgrund von m\u00f6glichen Verbotstatbest\u00e4nden des Bundesnaturschutzgesetz wie dem T\u00f6tungsverbot streng gesch\u00fctzter Individuen einer Tierart. (bspw. Brutv\u00f6gel wie die Feldlerche, gef\u00e4hrdete Tierarten wie die Haselmaus, Reptilien wie die Zauneidechse, Amphibien wie die Wechselkr\u00f6te, gesch\u00fctzte und seltene Insekten wie Wildbienen oder manche Schmetterlinge)<\/li>\n\n\n\n<li><strong><mark style=\"background-color:#70b2b2\" class=\"has-inline-color has-color-header-headings-mod-color\">Wir finden gemeinsam Wege, wie Sie die beh\u00f6rdlichen Auflagen zu Arten- und Naturschutz rechtskonform, zuverl\u00e4ssig und mit einem guten Gef\u00fchl einhalten.<\/mark><\/strong><\/li>\n<\/ul>\n\n\n\n<p><strong>Angebote zu Umweltbildung<\/strong><\/p>\n\n\n\n<p>Sie m\u00f6chten mit Ihrer Firma, Ihrer Familie, Ihrem Verein oder Ihrer Schulklasse mehr erfahren \u00fcber Natur, \u00d6kologie und Landschaftspflege?<\/p>\n\n\n\n<ul class=\"wp-block-list\">\n<li>Ich mache mit Ihnen z.B. eine Vogelwanderung und bringe Ihnen die heimische Vogelwelt n\u00e4her.<\/li>\n\n\n\n<li>Ich gestalte mit Ihnen eine Gruppenarbeit oder einen Ausflug etwa in ein nahe gelegenes Naturschutzgebiet, einen Wald oder in einen st\u00e4dtischen Park.<\/li>\n\n\n\n<li>Ich sensibilisiere Sie f\u00fcr <strong>Nachhaltigkeit<\/strong>, inspiriere Sie durch ein Naturerlebnis und mache Sie aufmerksam auf den <strong>kostenlosen Genuss von Naturg\u00fctern<\/strong> in unserer Umwelt.<\/li>\n\n\n\n<li>Ich bringe Ihnen etwas \u00fcber Botanik, Geographie und Klimatologie bei und zeige Ihnen viele unterschiedliche Pflanzen, Tiere, Steine und Wolken: wie sie hei\u00dfen und was sie besonders macht.<\/li>\n\n\n\n<li>Ich gebe Ihnen Tipps wie Sie ihren Garten naturn\u00e4her gestalten k\u00f6nnen und gebe <strong>Ideen zu mehr \u00d6kologie<\/strong> und Nachhaltigkeit im Alltag.<\/li>\n\n\n\n<li>Ich zeige Ihnen wie man sich optimal verhalten kann, falls einem ein Wildtier oder ein Raubtier begegnen sollte oder wie man den Weg wieder findet, wenn man sich in unbekannter Umgebung verirrt hat.<\/li>\n<\/ul>\n\n\n\n<p><strong>Angebote als Referentin<\/strong><\/p>\n\n\n\n<ul class=\"wp-block-list\">\n<li>Ich bereite mit Ihnen ein Teamevent vor und inspiriere Sie durch einen Vortrag.<\/li>\n\n\n\n<li>Bei Bedarf coache ich Sie als Einzelne oder als Gruppe und behelfe mir dabei vieler Gesetzm\u00e4\u00dfigkeiten, die wir in der Natur beobachten k\u00f6nnen oder die ich aus Weltliteratur, Poesie und Kunst beispielhaft auf Sie \u00fcbertrage.<\/li>\n\n\n\n<li>Ich bringe Sie und Ihr Team mit einem Vortrag und anschlie\u00dfender Gruppenarbeit n\u00e4her zusammen und spreche mit Ihnen \u00fcber Ihre St\u00e4rken und Schw\u00e4chen und baue das Ganze in ein kreatives Rahmenprogramm rund um Nachhaltigkeit und <strong>Achtung vor der Natur und dem N\u00e4chsten<\/strong> ein.<\/li>\n<\/ul>\n\n\n\n<p><\/p>\n","protected":false},"excerpt":{"rendered":"<div class=\"entry-summary\">\nSie bauen und stehen vor den Herausforderungen, die die Genehmigungsbeh\u00f6rde an sie stellt? Ich helfe Ihnen bei allen H\u00fcrden im Rahmen der Genehmigung und Ausf\u00fchrung als Spezialistin f\u00fcr Umweltrecht, Umweltplanung, Artenschutz und \u00d6kologie: Angebote zu Umweltbildung Sie m\u00f6chten mit Ihrer&hellip;\n<\/div>\n<div class=\"link-more\"><a href=\"https:\/\/www.ami-terra.de\/en\/angebot\/\" class=\"more-link\">Continue reading<span class=\"screen-reader-text\"> &ldquo;Angebot&rdquo;<\/span>&hellip;<\/a><\/div>\n","protected":false},"author":2,"featured_media":0,"parent":0,"menu_order":0,"comment_status":"closed","ping_status":"closed","template":"","meta":{"footnotes":""},"class_list":["post-220","page","type-page","status-publish","hentry","entry"],"_links":{"self":[{"href":"https:\/\/www.ami-terra.de\/en\/wp-json\/wp\/v2\/pages\/220","targetHints":{"allow":["GET"]}}],"collection":[{"href":"https:\/\/www.ami-terra.de\/en\/wp-json\/wp\/v2\/pages"}],"about":[{"href":"https:\/\/www.ami-terra.de\/en\/wp-json\/wp\/v2\/types\/page"}],"author":[{"embeddable":true,"href":"https:\/\/www.ami-terra.de\/en\/wp-json\/wp\/v2\/users\/2"}],"replies":[{"embeddable":true,"href":"https:\/\/www.ami-terra.de\/en\/wp-json\/wp\/v2\/comments?post=220"}],"version-history":[{"count":3,"href":"https:\/\/www.ami-terra.de\/en\/wp-json\/wp\/v2\/pages\/220\/revisions"}],"predecessor-version":[{"id":231,"href":"https:\/\/www.ami-terra.de\/en\/wp-json\/wp\/v2\/pages\/220\/revisions\/231"}],"wp:attachment":[{"href":"https:\/\/www.ami-terra.de\/en\/wp-json\/wp\/v2\/media?parent=220"}],"curies":[{"name":"wp","href":"https:\/\/api.w.org\/{rel}","templated":true}]}}