{"id":3,"date":"2024-07-12T21:09:49","date_gmt":"2024-07-12T21:09:49","guid":{"rendered":"http:\/\/ami-terra.de\/?page_id=3"},"modified":"2025-10-22T09:19:08","modified_gmt":"2025-10-22T09:19:08","slug":"privacy-policy","status":"publish","type":"page","link":"https:\/\/www.ami-terra.de\/en\/privacy-policy\/","title":{"rendered":"Impressum"},"content":{"rendered":"\n<p><strong>Angaben gem\u00e4\u00df \u00a7 5 Telemediengesetz (TMG):<\/strong><br>Inhaberin von ami-terra ist:<\/p>\n\n\n\n<p>Frau Maria E. Dittmann<br>Sitz:<br>W\u00f6rnitzstr. 59<br>90449 N\u00fcrnberg<br>&#8211; Germany &#8211;<br><br>Telefon: +49 (0) 151 201 553 3-6<br>E-Mail: maria.dittmann@ami-terra.de<\/p>\n\n\n\n<p>Steuernummer: 240\/211\/73076<\/p>\n\n\n\n<p><strong>Haftungsausschluss:<\/strong><br>Die Inhalte dieser Webseite wurden mit gr\u00f6\u00dfter Sorgfalt erstellt. F\u00fcr die Richtigkeit, Vollst\u00e4ndigkeit und Aktualit\u00e4t der Inhalte kann jedoch keine Gew\u00e4hr \u00fcbernommen werden. Als Diensteanbieter:innen sind wir gem\u00e4\u00df \u00a7 7 Abs. 1 TMG f\u00fcr eigene Inhalte auf diesen Seiten nach den allgemeinen Gesetzen verantwortlich. Nach \u00a7\u00a7 8 bis 10 TMG sind wir jedoch nicht verpflichtet, \u00fcbermittelte oder gespeicherte fremde Informationen zu \u00fcberwachen oder nach Umst\u00e4nden zu forschen, die auf eine rechtswidrige T\u00e4tigkeit hinweisen.<\/p>\n\n\n\n<p><strong>Urheberrecht:<\/strong><br>Die durch die Seitenbetreiber:innen erstellten Inhalte und Werke auf diesen Seiten unterliegen dem deutschen Urheberrecht. Die Vervielf\u00e4ltigung, Bearbeitung, Verbreitung und jede Art der Verwertung au\u00dferhalb der Grenzen des Urheberrechtes bed\u00fcrfen der schriftlichen Zustimmung der jeweiligen Autor:innen bzw. der Ersteller:innen.<\/p>\n\n\n\n<p><strong>Rechtswirksamkeit dieses Haftungsausschlusses:<\/strong><br>Dieser Haftungsausschluss ist Teil des Internetangebotes, von dem aus auf diese Seite verwiesen wurde. Sofern Teile oder einzelne Formulierungen dieses Textes der geltenden Rechtslage nicht, nicht mehr oder nicht vollst\u00e4ndig entsprechen, bleiben die \u00fcbrigen Teile des Dokuments in ihrem Inhalt und ihrer G\u00fcltigkeit davon unber\u00fchrt.<\/p>\n\n\n\n<p>Alle Rechte f\u00fcr die Inhalte dieses Webauftritts und generell f\u00fcr die Idee und die Konzeption von ami-terra liegen bei der Inhaberin. <\/p>\n","protected":false},"excerpt":{"rendered":"<div class=\"entry-summary\">\nAngaben gem\u00e4\u00df \u00a7 5 Telemediengesetz (TMG):Inhaberin von ami-terra ist: Frau Maria E. DittmannSitz:W\u00f6rnitzstr. 5990449 N\u00fcrnberg&#8211; Germany &#8211; Telefon: +49 (0) 151 201 553 3-6E-Mail: maria.dittmann@ami-terra.de Steuernummer: 240\/211\/73076 Haftungsausschluss:Die Inhalte dieser Webseite wurden mit gr\u00f6\u00dfter Sorgfalt erstellt. F\u00fcr die Richtigkeit, Vollst\u00e4ndigkeit&hellip;\n<\/div>\n<div class=\"link-more\"><a href=\"https:\/\/www.ami-terra.de\/en\/privacy-policy\/\" class=\"more-link\">Continue reading<span class=\"screen-reader-text\"> &ldquo;Impressum&rdquo;<\/span>&hellip;<\/a><\/div>\n","protected":false},"author":1,"featured_media":0,"parent":0,"menu_order":0,"comment_status":"closed","ping_status":"open","template":"","meta":{"footnotes":""},"class_list":["post-3","page","type-page","status-publish","hentry","entry"],"_links":{"self":[{"href":"https:\/\/www.ami-terra.de\/en\/wp-json\/wp\/v2\/pages\/3","targetHints":{"allow":["GET"]}}],"collection":[{"href":"https:\/\/www.ami-terra.de\/en\/wp-json\/wp\/v2\/pages"}],"about":[{"href":"https:\/\/www.ami-terra.de\/en\/wp-json\/wp\/v2\/types\/page"}],"author":[{"embeddable":true,"href":"https:\/\/www.ami-terra.de\/en\/wp-json\/wp\/v2\/users\/1"}],"replies":[{"embeddable":true,"href":"https:\/\/www.ami-terra.de\/en\/wp-json\/wp\/v2\/comments?post=3"}],"version-history":[{"count":6,"href":"https:\/\/www.ami-terra.de\/en\/wp-json\/wp\/v2\/pages\/3\/revisions"}],"predecessor-version":[{"id":191,"href":"https:\/\/www.ami-terra.de\/en\/wp-json\/wp\/v2\/pages\/3\/revisions\/191"}],"wp:attachment":[{"href":"https:\/\/www.ami-terra.de\/en\/wp-json\/wp\/v2\/media?parent=3"}],"curies":[{"name":"wp","href":"https:\/\/api.w.org\/{rel}","templated":true}]}}