{"id":5,"date":"2024-07-12T19:17:13","date_gmt":"2024-07-12T19:17:13","guid":{"rendered":"https:\/\/ami-terra.de\/willkommen-auf-https-ami-terra-de\/"},"modified":"2025-10-31T10:38:03","modified_gmt":"2025-10-31T10:38:03","slug":"willkommen-auf-https-ami-terra-de","status":"publish","type":"page","link":"https:\/\/www.ami-terra.de\/en\/","title":{"rendered":"ami-terra"},"content":{"rendered":"\n<div class=\"wp-block-group alignfull\"><div class=\"wp-block-group__inner-container is-layout-constrained wp-block-group-is-layout-constrained\">\n<div class=\"wp-block-cover alignfull is-light\" style=\"margin-top:0;min-height:40vw;aspect-ratio:unset;\"><img loading=\"lazy\" decoding=\"async\" width=\"2560\" height=\"1920\" class=\"wp-block-cover__image-background wp-image-25\" alt=\"Landschaft im Abendrot. \" src=\"https:\/\/www.ami-terra.de\/wp-content\/uploads\/2024\/07\/Webseite_Header-scaled.jpg\" style=\"object-position:50% 37%\" data-object-fit=\"cover\" data-object-position=\"50% 37%\" srcset=\"https:\/\/www.ami-terra.de\/wp-content\/uploads\/2024\/07\/Webseite_Header-scaled.jpg 2560w, https:\/\/www.ami-terra.de\/wp-content\/uploads\/2024\/07\/Webseite_Header-300x225.jpg 300w, https:\/\/www.ami-terra.de\/wp-content\/uploads\/2024\/07\/Webseite_Header-1024x768.jpg 1024w, https:\/\/www.ami-terra.de\/wp-content\/uploads\/2024\/07\/Webseite_Header-768x576.jpg 768w, https:\/\/www.ami-terra.de\/wp-content\/uploads\/2024\/07\/Webseite_Header-1536x1152.jpg 1536w, https:\/\/www.ami-terra.de\/wp-content\/uploads\/2024\/07\/Webseite_Header-2048x1536.jpg 2048w\" sizes=\"auto, (max-width: 2560px) 100vw, 2560px\" \/><span aria-hidden=\"true\" class=\"wp-block-cover__background has-black-background-color has-background-dim-0 has-background-dim\"><\/span><div class=\"wp-block-cover__inner-container is-layout-flow wp-block-cover-is-layout-flow\">\n<h2 class=\"wp-block-heading has-text-align-center has-contrast-color has-text-color has-link-color wp-elements-3e62246ae96ee5ed459003fd8d70526b\">Consulting for environmental planning and ecology<\/h2>\n\n\n\n<p class=\"has-text-align-center\">inspired by nature<\/p>\n\n\n\n<div style=\"height:242px\" aria-hidden=\"true\" class=\"wp-block-spacer\"><\/div>\n<\/div><\/div>\n<\/div><\/div>\n\n\n\n<p>Textbeitr\u00e4ge<\/p>\n\n\n<ul class=\"wp-block-latest-posts__list has-dates has-author wp-block-latest-posts\"><li><div class=\"wp-block-latest-posts__featured-image\"><img loading=\"lazy\" decoding=\"async\" width=\"1024\" height=\"404\" src=\"https:\/\/www.ami-terra.de\/wp-content\/uploads\/2025\/05\/PXL_20250406_100625976_Gedektafel_Haus_Koenig_Grundgesetz-scaled-e1746728226515-1024x404.jpg\" class=\"attachment-large size-large wp-post-image\" alt=\"\" style=\"\" srcset=\"https:\/\/www.ami-terra.de\/wp-content\/uploads\/2025\/05\/PXL_20250406_100625976_Gedektafel_Haus_Koenig_Grundgesetz-scaled-e1746728226515-1024x404.jpg 1024w, https:\/\/www.ami-terra.de\/wp-content\/uploads\/2025\/05\/PXL_20250406_100625976_Gedektafel_Haus_Koenig_Grundgesetz-scaled-e1746728226515-300x118.jpg 300w, https:\/\/www.ami-terra.de\/wp-content\/uploads\/2025\/05\/PXL_20250406_100625976_Gedektafel_Haus_Koenig_Grundgesetz-scaled-e1746728226515-768x303.jpg 768w, https:\/\/www.ami-terra.de\/wp-content\/uploads\/2025\/05\/PXL_20250406_100625976_Gedektafel_Haus_Koenig_Grundgesetz-scaled-e1746728226515-1536x606.jpg 1536w, https:\/\/www.ami-terra.de\/wp-content\/uploads\/2025\/05\/PXL_20250406_100625976_Gedektafel_Haus_Koenig_Grundgesetz-scaled-e1746728226515.jpg 1753w\" sizes=\"auto, (max-width: 1024px) 100vw, 1024px\" \/><\/div><a class=\"wp-block-latest-posts__post-title\" href=\"https:\/\/www.ami-terra.de\/en\/umweltrecht\/das-grundgesetz-gedanken-zur-verfassung-deutschlands-und-ihrem-naturbezug\/\">Das Grundgesetz \u2013 Gedanken zur Verfassung Deutschlands und ihrem Naturbezug<\/a><div class=\"wp-block-latest-posts__post-author\">by Maria Dittmann<\/div><time datetime=\"2025-05-08T19:15:59+00:00\" class=\"wp-block-latest-posts__post-date\">8. May 2025<\/time><div class=\"wp-block-latest-posts__post-excerpt\"><div class=\"entry-summary\">\n1949 liest sich Naturschutz in der deutschen Verfassungsschrift noch eher als g\u00f6nnerhafte Schutzhaft zwischen den Zeilen der Artikel 74 und 75. Das zu leistende Schutzgeld hat die Natur mit Produkten zu verrichten.\nDer deutsche Staat stellt sich hier nur sch\u00fctzend vor die Bestandteile seiner Umwelt, von denen er sich Profit f\u00fcr seine legitimen Ziele, wie die der Ern\u00e4hrungssicherung der Bev\u00f6lkerung, verspricht. Viel weiter reicht die Liebe nicht.\n<\/div><div class=\"link-more\"><a href=\"https:\/\/www.ami-terra.de\/en\/umweltrecht\/das-grundgesetz-gedanken-zur-verfassung-deutschlands-und-ihrem-naturbezug\/\" class=\"more-link\">Continue reading<span class=\"screen-reader-text\"> &ldquo;Das Grundgesetz \u2013 Gedanken zur Verfassung Deutschlands und ihrem Naturbezug&rdquo;<\/span>&hellip;<\/a><\/div><\/div><\/li>\n<\/ul>\n\n\n<p><\/p>\n","protected":false},"excerpt":{"rendered":"<div class=\"entry-summary\">\nBeratung zu mehr \u00d6kologie &#8211; inspired by nature.\n<\/div>\n<div class=\"link-more\"><a href=\"https:\/\/www.ami-terra.de\/en\/\" class=\"more-link\">Continue reading<span class=\"screen-reader-text\"> &ldquo;ami-terra&rdquo;<\/span>&hellip;<\/a><\/div>\n","protected":false},"author":2,"featured_media":0,"parent":0,"menu_order":0,"comment_status":"closed","ping_status":"open","template":"","meta":{"footnotes":""},"class_list":["post-5","page","type-page","status-publish","hentry","entry"],"_links":{"self":[{"href":"https:\/\/www.ami-terra.de\/en\/wp-json\/wp\/v2\/pages\/5","targetHints":{"allow":["GET"]}}],"collection":[{"href":"https:\/\/www.ami-terra.de\/en\/wp-json\/wp\/v2\/pages"}],"about":[{"href":"https:\/\/www.ami-terra.de\/en\/wp-json\/wp\/v2\/types\/page"}],"author":[{"embeddable":true,"href":"https:\/\/www.ami-terra.de\/en\/wp-json\/wp\/v2\/users\/2"}],"replies":[{"embeddable":true,"href":"https:\/\/www.ami-terra.de\/en\/wp-json\/wp\/v2\/comments?post=5"}],"version-history":[{"count":37,"href":"https:\/\/www.ami-terra.de\/en\/wp-json\/wp\/v2\/pages\/5\/revisions"}],"predecessor-version":[{"id":228,"href":"https:\/\/www.ami-terra.de\/en\/wp-json\/wp\/v2\/pages\/5\/revisions\/228"}],"wp:attachment":[{"href":"https:\/\/www.ami-terra.de\/en\/wp-json\/wp\/v2\/media?parent=5"}],"curies":[{"name":"wp","href":"https:\/\/api.w.org\/{rel}","templated":true}]}}